{"id":1358,"date":"2023-03-11T08:45:08","date_gmt":"2023-03-11T08:45:08","guid":{"rendered":"https:\/\/candysstudio.com\/?page_id=1358"},"modified":"2023-03-13T13:30:53","modified_gmt":"2023-03-13T13:30:53","slug":"galerie","status":"publish","type":"page","link":"https:\/\/candysstudio.com\/index.php\/galerie\/","title":{"rendered":"Galerie"},"content":{"rendered":"\t\t<div data-elementor-type=\"wp-page\" data-elementor-id=\"1358\" class=\"elementor elementor-1358\">\n\t\t\t\t\t\t\t\t\t<section class=\"elementor-section elementor-top-section elementor-element elementor-element-f915fea elementor-section-boxed elementor-section-height-default elementor-section-height-default\" data-id=\"f915fea\" data-element_type=\"section\">\n\t\t\t\t\t\t<div class=\"elementor-container elementor-column-gap-default\">\n\t\t\t\t\t<div class=\"elementor-column elementor-col-100 elementor-top-column elementor-element elementor-element-e16beb3\" data-id=\"e16beb3\" data-element_type=\"column\">\n\t\t\t<div class=\"elementor-widget-wrap elementor-element-populated\">\n\t\t\t\t\t\t\t\t<div class=\"elementor-element elementor-element-20841e4 elementor-widget elementor-widget-heading\" data-id=\"20841e4\" data-element_type=\"widget\" data-widget_type=\"heading.default\">\n\t\t\t\t<div class=\"elementor-widget-container\">\n\t\t\t<style>\/*! elementor - v3.11.4 - 12-03-2023 *\/\n.elementor-heading-title{padding:0;margin:0;line-height:1}.elementor-widget-heading .elementor-heading-title[class*=elementor-size-]>a{color:inherit;font-size:inherit;line-height:inherit}.elementor-widget-heading .elementor-heading-title.elementor-size-small{font-size:15px}.elementor-widget-heading .elementor-heading-title.elementor-size-medium{font-size:19px}.elementor-widget-heading .elementor-heading-title.elementor-size-large{font-size:29px}.elementor-widget-heading .elementor-heading-title.elementor-size-xl{font-size:39px}.elementor-widget-heading .elementor-heading-title.elementor-size-xxl{font-size:59px}<\/style><h2 class=\"elementor-heading-title elementor-size-default\">Galerie<\/h2>\t\t<\/div>\n\t\t\t\t<\/div>\n\t\t\t\t\t<\/div>\n\t\t<\/div>\n\t\t\t\t\t\t\t<\/div>\n\t\t<\/section>\n\t\t\t\t<section class=\"elementor-section elementor-top-section elementor-element elementor-element-9cfa929 elementor-section-boxed elementor-section-height-default elementor-section-height-default\" data-id=\"9cfa929\" data-element_type=\"section\">\n\t\t\t\t\t\t<div class=\"elementor-container elementor-column-gap-default\">\n\t\t\t\t\t<div class=\"elementor-column elementor-col-25 elementor-top-column elementor-element elementor-element-b1a44e1\" data-id=\"b1a44e1\" data-element_type=\"column\">\n\t\t\t<div class=\"elementor-widget-wrap elementor-element-populated\">\n\t\t\t\t\t\t\t\t<div class=\"elementor-element elementor-element-16b5300 elementor-widget elementor-widget-image\" data-id=\"16b5300\" data-element_type=\"widget\" data-widget_type=\"image.default\">\n\t\t\t\t<div class=\"elementor-widget-container\">\n\t\t\t<style>\/*! elementor - v3.11.4 - 12-03-2023 *\/\n.elementor-widget-image{text-align:center}.elementor-widget-image a{display:inline-block}.elementor-widget-image a img[src$=\".svg\"]{width:48px}.elementor-widget-image img{vertical-align:middle;display:inline-block}<\/style>\t\t\t\t\t\t\t\t\t\t\t\t<img decoding=\"async\" width=\"1440\" height=\"1440\" src=\"https:\/\/candysstudio.com\/wp-content\/uploads\/2023\/03\/nehty-2.jpg\" class=\"attachment-full size-full wp-image-1444\" alt=\"\" loading=\"lazy\" srcset=\"https:\/\/candysstudio.com\/wp-content\/uploads\/2023\/03\/nehty-2.jpg 1440w, https:\/\/candysstudio.com\/wp-content\/uploads\/2023\/03\/nehty-2-300x300.jpg 300w, https:\/\/candysstudio.com\/wp-content\/uploads\/2023\/03\/nehty-2-1024x1024.jpg 1024w, https:\/\/candysstudio.com\/wp-content\/uploads\/2023\/03\/nehty-2-150x150.jpg 150w, https:\/\/candysstudio.com\/wp-content\/uploads\/2023\/03\/nehty-2-768x768.jpg 768w\" sizes=\"(max-width: 1440px) 100vw, 1440px\" \/>\t\t\t\t\t\t\t\t\t\t\t\t\t\t\t<\/div>\n\t\t\t\t<\/div>\n\t\t\t\t\t<\/div>\n\t\t<\/div>\n\t\t\t\t<div class=\"elementor-column elementor-col-25 elementor-top-column elementor-element elementor-element-cc70d8b\" data-id=\"cc70d8b\" data-element_type=\"column\">\n\t\t\t<div class=\"elementor-widget-wrap elementor-element-populated\">\n\t\t\t\t\t\t\t\t<div class=\"elementor-element elementor-element-a78ffdd elementor-widget elementor-widget-image\" data-id=\"a78ffdd\" data-element_type=\"widget\" data-widget_type=\"image.default\">\n\t\t\t\t<div class=\"elementor-widget-container\">\n\t\t\t\t\t\t\t\t\t\t\t\t\t\t\t<img decoding=\"async\" width=\"1024\" height=\"1024\" src=\"https:\/\/candysstudio.com\/wp-content\/uploads\/2023\/03\/n3-1024x1024.jpg\" class=\"attachment-large size-large wp-image-1441\" alt=\"\" loading=\"lazy\" srcset=\"https:\/\/candysstudio.com\/wp-content\/uploads\/2023\/03\/n3-1024x1024.jpg 1024w, https:\/\/candysstudio.com\/wp-content\/uploads\/2023\/03\/n3-300x300.jpg 300w, https:\/\/candysstudio.com\/wp-content\/uploads\/2023\/03\/n3-150x150.jpg 150w, https:\/\/candysstudio.com\/wp-content\/uploads\/2023\/03\/n3-768x768.jpg 768w, https:\/\/candysstudio.com\/wp-content\/uploads\/2023\/03\/n3.jpg 1440w\" sizes=\"(max-width: 1024px) 100vw, 1024px\" \/>\t\t\t\t\t\t\t\t\t\t\t\t\t\t\t<\/div>\n\t\t\t\t<\/div>\n\t\t\t\t\t<\/div>\n\t\t<\/div>\n\t\t\t\t<div class=\"elementor-column elementor-col-25 elementor-top-column elementor-element elementor-element-59f56a9\" data-id=\"59f56a9\" data-element_type=\"column\">\n\t\t\t<div class=\"elementor-widget-wrap elementor-element-populated\">\n\t\t\t\t\t\t\t\t<div class=\"elementor-element elementor-element-446b2a7 elementor-widget elementor-widget-image\" data-id=\"446b2a7\" data-element_type=\"widget\" data-widget_type=\"image.default\">\n\t\t\t\t<div class=\"elementor-widget-container\">\n\t\t\t\t\t\t\t\t\t\t\t\t\t\t\t<img decoding=\"async\" width=\"1024\" height=\"1024\" src=\"https:\/\/candysstudio.com\/wp-content\/uploads\/2023\/03\/n4-1024x1024.jpg\" class=\"attachment-large size-large wp-image-1439\" alt=\"\" loading=\"lazy\" srcset=\"https:\/\/candysstudio.com\/wp-content\/uploads\/2023\/03\/n4-1024x1024.jpg 1024w, https:\/\/candysstudio.com\/wp-content\/uploads\/2023\/03\/n4-300x300.jpg 300w, https:\/\/candysstudio.com\/wp-content\/uploads\/2023\/03\/n4-150x150.jpg 150w, https:\/\/candysstudio.com\/wp-content\/uploads\/2023\/03\/n4-768x768.jpg 768w, https:\/\/candysstudio.com\/wp-content\/uploads\/2023\/03\/n4.jpg 1440w\" sizes=\"(max-width: 1024px) 100vw, 1024px\" \/>\t\t\t\t\t\t\t\t\t\t\t\t\t\t\t<\/div>\n\t\t\t\t<\/div>\n\t\t\t\t\t<\/div>\n\t\t<\/div>\n\t\t\t\t<div class=\"elementor-column elementor-col-25 elementor-top-column elementor-element elementor-element-e9b7f18\" data-id=\"e9b7f18\" data-element_type=\"column\">\n\t\t\t<div class=\"elementor-widget-wrap elementor-element-populated\">\n\t\t\t\t\t\t\t\t<div class=\"elementor-element elementor-element-9f74b8f elementor-widget elementor-widget-image\" data-id=\"9f74b8f\" data-element_type=\"widget\" data-widget_type=\"image.default\">\n\t\t\t\t<div class=\"elementor-widget-container\">\n\t\t\t\t\t\t\t\t\t\t\t\t\t\t\t<img decoding=\"async\" width=\"1024\" height=\"1024\" src=\"https:\/\/candysstudio.com\/wp-content\/uploads\/2023\/03\/n5-1024x1024.jpg\" class=\"attachment-large size-large wp-image-1438\" alt=\"\" loading=\"lazy\" srcset=\"https:\/\/candysstudio.com\/wp-content\/uploads\/2023\/03\/n5-1024x1024.jpg 1024w, https:\/\/candysstudio.com\/wp-content\/uploads\/2023\/03\/n5-300x300.jpg 300w, https:\/\/candysstudio.com\/wp-content\/uploads\/2023\/03\/n5-150x150.jpg 150w, https:\/\/candysstudio.com\/wp-content\/uploads\/2023\/03\/n5-768x768.jpg 768w, https:\/\/candysstudio.com\/wp-content\/uploads\/2023\/03\/n5.jpg 1440w\" sizes=\"(max-width: 1024px) 100vw, 1024px\" \/>\t\t\t\t\t\t\t\t\t\t\t\t\t\t\t<\/div>\n\t\t\t\t<\/div>\n\t\t\t\t\t<\/div>\n\t\t<\/div>\n\t\t\t\t\t\t\t<\/div>\n\t\t<\/section>\n\t\t\t\t<section class=\"elementor-section elementor-top-section elementor-element elementor-element-a6ccb2a elementor-section-boxed elementor-section-height-default elementor-section-height-default\" data-id=\"a6ccb2a\" data-element_type=\"section\">\n\t\t\t\t\t\t<div class=\"elementor-container elementor-column-gap-default\">\n\t\t\t\t\t<div class=\"elementor-column elementor-col-25 elementor-top-column elementor-element elementor-element-9718ba5\" data-id=\"9718ba5\" data-element_type=\"column\">\n\t\t\t<div class=\"elementor-widget-wrap elementor-element-populated\">\n\t\t\t\t\t\t\t\t<div class=\"elementor-element elementor-element-9b86480 elementor-widget elementor-widget-image\" data-id=\"9b86480\" data-element_type=\"widget\" data-widget_type=\"image.default\">\n\t\t\t\t<div class=\"elementor-widget-container\">\n\t\t\t\t\t\t\t\t\t\t\t\t\t\t\t<img decoding=\"async\" width=\"1024\" height=\"1024\" src=\"https:\/\/candysstudio.com\/wp-content\/uploads\/2023\/03\/n5-1024x1024.jpg\" class=\"attachment-large size-large wp-image-1438\" alt=\"\" loading=\"lazy\" srcset=\"https:\/\/candysstudio.com\/wp-content\/uploads\/2023\/03\/n5-1024x1024.jpg 1024w, https:\/\/candysstudio.com\/wp-content\/uploads\/2023\/03\/n5-300x300.jpg 300w, https:\/\/candysstudio.com\/wp-content\/uploads\/2023\/03\/n5-150x150.jpg 150w, https:\/\/candysstudio.com\/wp-content\/uploads\/2023\/03\/n5-768x768.jpg 768w, https:\/\/candysstudio.com\/wp-content\/uploads\/2023\/03\/n5.jpg 1440w\" sizes=\"(max-width: 1024px) 100vw, 1024px\" \/>\t\t\t\t\t\t\t\t\t\t\t\t\t\t\t<\/div>\n\t\t\t\t<\/div>\n\t\t\t\t<div class=\"elementor-element elementor-element-e3b3359 elementor-widget elementor-widget-image\" data-id=\"e3b3359\" data-element_type=\"widget\" data-widget_type=\"image.default\">\n\t\t\t\t<div class=\"elementor-widget-container\">\n\t\t\t\t\t\t\t\t\t\t\t\t\t\t\t<img decoding=\"async\" width=\"1024\" height=\"1024\" src=\"https:\/\/candysstudio.com\/wp-content\/uploads\/2023\/03\/27-1024x1024.jpg\" class=\"attachment-large size-large wp-image-1446\" alt=\"\" loading=\"lazy\" srcset=\"https:\/\/candysstudio.com\/wp-content\/uploads\/2023\/03\/27-1024x1024.jpg 1024w, https:\/\/candysstudio.com\/wp-content\/uploads\/2023\/03\/27-300x300.jpg 300w, https:\/\/candysstudio.com\/wp-content\/uploads\/2023\/03\/27-150x150.jpg 150w, https:\/\/candysstudio.com\/wp-content\/uploads\/2023\/03\/27-768x768.jpg 768w, https:\/\/candysstudio.com\/wp-content\/uploads\/2023\/03\/27.jpg 1440w\" sizes=\"(max-width: 1024px) 100vw, 1024px\" \/>\t\t\t\t\t\t\t\t\t\t\t\t\t\t\t<\/div>\n\t\t\t\t<\/div>\n\t\t\t\t\t<\/div>\n\t\t<\/div>\n\t\t\t\t<div class=\"elementor-column elementor-col-25 elementor-top-column elementor-element elementor-element-c14ea15\" data-id=\"c14ea15\" data-element_type=\"column\">\n\t\t\t<div class=\"elementor-widget-wrap elementor-element-populated\">\n\t\t\t\t\t\t\t\t<div class=\"elementor-element elementor-element-c868ec9 elementor-widget elementor-widget-image\" data-id=\"c868ec9\" data-element_type=\"widget\" data-widget_type=\"image.default\">\n\t\t\t\t<div class=\"elementor-widget-container\">\n\t\t\t\t\t\t\t\t\t\t\t\t\t\t\t<img decoding=\"async\" width=\"1024\" height=\"1024\" src=\"https:\/\/candysstudio.com\/wp-content\/uploads\/2023\/03\/n1-1024x1024.jpg\" class=\"attachment-large size-large wp-image-1443\" alt=\"\" loading=\"lazy\" srcset=\"https:\/\/candysstudio.com\/wp-content\/uploads\/2023\/03\/n1-1024x1024.jpg 1024w, https:\/\/candysstudio.com\/wp-content\/uploads\/2023\/03\/n1-300x300.jpg 300w, https:\/\/candysstudio.com\/wp-content\/uploads\/2023\/03\/n1-150x150.jpg 150w, https:\/\/candysstudio.com\/wp-content\/uploads\/2023\/03\/n1-768x768.jpg 768w, https:\/\/candysstudio.com\/wp-content\/uploads\/2023\/03\/n1.jpg 1440w\" sizes=\"(max-width: 1024px) 100vw, 1024px\" \/>\t\t\t\t\t\t\t\t\t\t\t\t\t\t\t<\/div>\n\t\t\t\t<\/div>\n\t\t\t\t<div class=\"elementor-element elementor-element-14bccc8 elementor-widget elementor-widget-image\" data-id=\"14bccc8\" data-element_type=\"widget\" data-widget_type=\"image.default\">\n\t\t\t\t<div class=\"elementor-widget-container\">\n\t\t\t\t\t\t\t\t\t\t\t\t\t\t\t<img decoding=\"async\" width=\"1024\" height=\"1024\" src=\"https:\/\/candysstudio.com\/wp-content\/uploads\/2023\/03\/n656-1024x1024.jpg\" class=\"attachment-large size-large wp-image-1450\" alt=\"\" loading=\"lazy\" srcset=\"https:\/\/candysstudio.com\/wp-content\/uploads\/2023\/03\/n656-1024x1024.jpg 1024w, https:\/\/candysstudio.com\/wp-content\/uploads\/2023\/03\/n656-300x300.jpg 300w, https:\/\/candysstudio.com\/wp-content\/uploads\/2023\/03\/n656-150x150.jpg 150w, https:\/\/candysstudio.com\/wp-content\/uploads\/2023\/03\/n656-768x768.jpg 768w, https:\/\/candysstudio.com\/wp-content\/uploads\/2023\/03\/n656.jpg 1440w\" sizes=\"(max-width: 1024px) 100vw, 1024px\" \/>\t\t\t\t\t\t\t\t\t\t\t\t\t\t\t<\/div>\n\t\t\t\t<\/div>\n\t\t\t\t\t<\/div>\n\t\t<\/div>\n\t\t\t\t<div class=\"elementor-column elementor-col-25 elementor-top-column elementor-element elementor-element-3c9c4f3\" data-id=\"3c9c4f3\" data-element_type=\"column\">\n\t\t\t<div class=\"elementor-widget-wrap elementor-element-populated\">\n\t\t\t\t\t\t\t\t<div class=\"elementor-element elementor-element-4001760 elementor-widget elementor-widget-image\" data-id=\"4001760\" data-element_type=\"widget\" data-widget_type=\"image.default\">\n\t\t\t\t<div class=\"elementor-widget-container\">\n\t\t\t\t\t\t\t\t\t\t\t\t\t\t\t<img decoding=\"async\" width=\"1024\" height=\"1024\" src=\"https:\/\/candysstudio.com\/wp-content\/uploads\/2023\/03\/n11-1024x1024.jpg\" class=\"attachment-large size-large wp-image-1447\" alt=\"\" loading=\"lazy\" srcset=\"https:\/\/candysstudio.com\/wp-content\/uploads\/2023\/03\/n11-1024x1024.jpg 1024w, https:\/\/candysstudio.com\/wp-content\/uploads\/2023\/03\/n11-300x300.jpg 300w, https:\/\/candysstudio.com\/wp-content\/uploads\/2023\/03\/n11-150x150.jpg 150w, https:\/\/candysstudio.com\/wp-content\/uploads\/2023\/03\/n11-768x768.jpg 768w, https:\/\/candysstudio.com\/wp-content\/uploads\/2023\/03\/n11.jpg 1440w\" sizes=\"(max-width: 1024px) 100vw, 1024px\" \/>\t\t\t\t\t\t\t\t\t\t\t\t\t\t\t<\/div>\n\t\t\t\t<\/div>\n\t\t\t\t<div class=\"elementor-element elementor-element-562c8be elementor-widget elementor-widget-image\" data-id=\"562c8be\" data-element_type=\"widget\" data-widget_type=\"image.default\">\n\t\t\t\t<div class=\"elementor-widget-container\">\n\t\t\t\t\t\t\t\t\t\t\t\t\t\t\t<img decoding=\"async\" width=\"1024\" height=\"1024\" src=\"https:\/\/candysstudio.com\/wp-content\/uploads\/2023\/03\/n54564-1024x1024.jpg\" class=\"attachment-large size-large wp-image-1452\" alt=\"\" loading=\"lazy\" srcset=\"https:\/\/candysstudio.com\/wp-content\/uploads\/2023\/03\/n54564-1024x1024.jpg 1024w, https:\/\/candysstudio.com\/wp-content\/uploads\/2023\/03\/n54564-300x300.jpg 300w, https:\/\/candysstudio.com\/wp-content\/uploads\/2023\/03\/n54564-150x150.jpg 150w, https:\/\/candysstudio.com\/wp-content\/uploads\/2023\/03\/n54564-768x768.jpg 768w, https:\/\/candysstudio.com\/wp-content\/uploads\/2023\/03\/n54564.jpg 1440w\" sizes=\"(max-width: 1024px) 100vw, 1024px\" \/>\t\t\t\t\t\t\t\t\t\t\t\t\t\t\t<\/div>\n\t\t\t\t<\/div>\n\t\t\t\t\t<\/div>\n\t\t<\/div>\n\t\t\t\t<div class=\"elementor-column elementor-col-25 elementor-top-column elementor-element elementor-element-850e910\" data-id=\"850e910\" data-element_type=\"column\">\n\t\t\t<div class=\"elementor-widget-wrap elementor-element-populated\">\n\t\t\t\t\t\t\t\t<div class=\"elementor-element elementor-element-a29bd44 elementor-widget elementor-widget-image\" data-id=\"a29bd44\" data-element_type=\"widget\" data-widget_type=\"image.default\">\n\t\t\t\t<div class=\"elementor-widget-container\">\n\t\t\t\t\t\t\t\t\t\t\t\t\t\t\t<img decoding=\"async\" width=\"1024\" height=\"1024\" src=\"https:\/\/candysstudio.com\/wp-content\/uploads\/2023\/03\/n9-1024x1024.jpg\" class=\"attachment-large size-large wp-image-1449\" alt=\"\" loading=\"lazy\" srcset=\"https:\/\/candysstudio.com\/wp-content\/uploads\/2023\/03\/n9-1024x1024.jpg 1024w, https:\/\/candysstudio.com\/wp-content\/uploads\/2023\/03\/n9-300x300.jpg 300w, https:\/\/candysstudio.com\/wp-content\/uploads\/2023\/03\/n9-150x150.jpg 150w, https:\/\/candysstudio.com\/wp-content\/uploads\/2023\/03\/n9-768x768.jpg 768w, https:\/\/candysstudio.com\/wp-content\/uploads\/2023\/03\/n9.jpg 1440w\" sizes=\"(max-width: 1024px) 100vw, 1024px\" \/>\t\t\t\t\t\t\t\t\t\t\t\t\t\t\t<\/div>\n\t\t\t\t<\/div>\n\t\t\t\t<div class=\"elementor-element elementor-element-a6d8a16 elementor-widget elementor-widget-image\" data-id=\"a6d8a16\" data-element_type=\"widget\" data-widget_type=\"image.default\">\n\t\t\t\t<div class=\"elementor-widget-container\">\n\t\t\t\t\t\t\t\t\t\t\t\t\t\t\t<img decoding=\"async\" width=\"1024\" height=\"1024\" src=\"https:\/\/candysstudio.com\/wp-content\/uploads\/2023\/03\/151-1024x1024.jpg\" class=\"attachment-large size-large wp-image-1451\" alt=\"\" loading=\"lazy\" srcset=\"https:\/\/candysstudio.com\/wp-content\/uploads\/2023\/03\/151-1024x1024.jpg 1024w, https:\/\/candysstudio.com\/wp-content\/uploads\/2023\/03\/151-300x300.jpg 300w, https:\/\/candysstudio.com\/wp-content\/uploads\/2023\/03\/151-150x150.jpg 150w, https:\/\/candysstudio.com\/wp-content\/uploads\/2023\/03\/151-768x768.jpg 768w, https:\/\/candysstudio.com\/wp-content\/uploads\/2023\/03\/151.jpg 1440w\" sizes=\"(max-width: 1024px) 100vw, 1024px\" \/>\t\t\t\t\t\t\t\t\t\t\t\t\t\t\t<\/div>\n\t\t\t\t<\/div>\n\t\t\t\t\t<\/div>\n\t\t<\/div>\n\t\t\t\t\t\t\t<\/div>\n\t\t<\/section>\n\t\t\t\t<section class=\"elementor-section elementor-top-section elementor-element elementor-element-3a57282 elementor-section-boxed elementor-section-height-default elementor-section-height-default\" data-id=\"3a57282\" data-element_type=\"section\">\n\t\t\t\t\t\t<div class=\"elementor-container elementor-column-gap-default\">\n\t\t\t\t\t<div class=\"elementor-column elementor-col-50 elementor-top-column elementor-element elementor-element-527a136\" data-id=\"527a136\" data-element_type=\"column\">\n\t\t\t<div class=\"elementor-widget-wrap elementor-element-populated\">\n\t\t\t\t\t\t\t\t<div class=\"elementor-element elementor-element-aea07b2 elementor-widget elementor-widget-text-editor\" data-id=\"aea07b2\" data-element_type=\"widget\" data-widget_type=\"text-editor.default\">\n\t\t\t\t<div class=\"elementor-widget-container\">\n\t\t\t<style>\/*! elementor - v3.11.4 - 12-03-2023 *\/\n.elementor-widget-text-editor.elementor-drop-cap-view-stacked .elementor-drop-cap{background-color:#818a91;color:#fff}.elementor-widget-text-editor.elementor-drop-cap-view-framed .elementor-drop-cap{color:#818a91;border:3px solid;background-color:transparent}.elementor-widget-text-editor:not(.elementor-drop-cap-view-default) .elementor-drop-cap{margin-top:8px}.elementor-widget-text-editor:not(.elementor-drop-cap-view-default) .elementor-drop-cap-letter{width:1em;height:1em}.elementor-widget-text-editor .elementor-drop-cap{float:left;text-align:center;line-height:1;font-size:50px}.elementor-widget-text-editor .elementor-drop-cap-letter{display:inline-block}<\/style>\t\t\t\t<h2>N\u00e1vrhy<\/h2><div>\u00a0<\/div><div>\u00a0<\/div><div>\u00a0<\/div><h5>\u00a0<\/h5><p>Samoz\u0159ejm\u011b d\u011bl\u00e1me v\u00edce zp\u016fsob\u016f jak neht\u016f tak makeupu ne\u017e na obr\u00e1zc\u00edch. Pokud m\u00e1te n\u011bjak\u00e9 n\u00e1vrhy, m\u016f\u017eete n\u00e1m napsat. Budeme za to moc r\u00e1di. D\u011bkujeme!<\/p>\t\t\t\t\t\t<\/div>\n\t\t\t\t<\/div>\n\t\t\t\t\t<\/div>\n\t\t<\/div>\n\t\t\t\t<div class=\"elementor-column elementor-col-50 elementor-top-column elementor-element elementor-element-9712509\" data-id=\"9712509\" data-element_type=\"column\">\n\t\t\t<div class=\"elementor-widget-wrap elementor-element-populated\">\n\t\t\t\t\t\t\t\t<div class=\"elementor-element elementor-element-9fb7ade elementor-widget elementor-widget-image\" data-id=\"9fb7ade\" data-element_type=\"widget\" data-widget_type=\"image.default\">\n\t\t\t\t<div class=\"elementor-widget-container\">\n\t\t\t\t\t\t\t\t\t\t\t\t\t\t\t<img decoding=\"async\" width=\"817\" height=\"823\" src=\"https:\/\/candysstudio.com\/wp-content\/uploads\/2023\/03\/Vystrizek-candy-naisl-uvnitr.png\" class=\"attachment-large size-large wp-image-1376\" alt=\"\" loading=\"lazy\" srcset=\"https:\/\/candysstudio.com\/wp-content\/uploads\/2023\/03\/Vystrizek-candy-naisl-uvnitr.png 817w, https:\/\/candysstudio.com\/wp-content\/uploads\/2023\/03\/Vystrizek-candy-naisl-uvnitr-298x300.png 298w, https:\/\/candysstudio.com\/wp-content\/uploads\/2023\/03\/Vystrizek-candy-naisl-uvnitr-150x150.png 150w, https:\/\/candysstudio.com\/wp-content\/uploads\/2023\/03\/Vystrizek-candy-naisl-uvnitr-768x774.png 768w\" sizes=\"(max-width: 817px) 100vw, 817px\" \/>\t\t\t\t\t\t\t\t\t\t\t\t\t\t\t<\/div>\n\t\t\t\t<\/div>\n\t\t\t\t\t<\/div>\n\t\t<\/div>\n\t\t\t\t\t\t\t<\/div>\n\t\t<\/section>\n\t\t\t\t\t\t\t<\/div>\n\t\t","protected":false},"excerpt":{"rendered":"<p>Galerie N\u00e1vrhy \u00a0\u00a0\u00a0 \u00a0 Samoz\u0159ejm\u011b d\u011bl\u00e1me v\u00edce zp\u016fsob\u016f jak neht\u016f tak makeupu ne\u017e na obr\u00e1zc\u00edch. Pokud m\u00e1te n\u011bjak\u00e9 n\u00e1vrhy, m\u016f\u017eete n\u00e1m napsat. Budeme za to moc r\u00e1di. D\u011bkujeme!<\/p>\n","protected":false},"author":1,"featured_media":0,"parent":0,"menu_order":0,"comment_status":"closed","ping_status":"closed","template":"","meta":{"site-sidebar-layout":"no-sidebar","site-content-layout":"page-builder","ast-global-header-display":"","ast-main-header-display":"","ast-hfb-above-header-display":"","ast-hfb-below-header-display":"","ast-hfb-mobile-header-display":"","site-post-title":"disabled","ast-breadcrumbs-content":"","ast-featured-img":"disabled","footer-sml-layout":"","theme-transparent-header-meta":"","adv-header-id-meta":"","stick-header-meta":"","header-above-stick-meta":"","header-main-stick-meta":"","header-below-stick-meta":""},"_links":{"self":[{"href":"https:\/\/candysstudio.com\/index.php\/wp-json\/wp\/v2\/pages\/1358"}],"collection":[{"href":"https:\/\/candysstudio.com\/index.php\/wp-json\/wp\/v2\/pages"}],"about":[{"href":"https:\/\/candysstudio.com\/index.php\/wp-json\/wp\/v2\/types\/page"}],"author":[{"embeddable":true,"href":"https:\/\/candysstudio.com\/index.php\/wp-json\/wp\/v2\/users\/1"}],"replies":[{"embeddable":true,"href":"https:\/\/candysstudio.com\/index.php\/wp-json\/wp\/v2\/comments?post=1358"}],"version-history":[{"count":11,"href":"https:\/\/candysstudio.com\/index.php\/wp-json\/wp\/v2\/pages\/1358\/revisions"}],"predecessor-version":[{"id":1461,"href":"https:\/\/candysstudio.com\/index.php\/wp-json\/wp\/v2\/pages\/1358\/revisions\/1461"}],"wp:attachment":[{"href":"https:\/\/candysstudio.com\/index.php\/wp-json\/wp\/v2\/media?parent=1358"}],"curies":[{"name":"wp","href":"https:\/\/api.w.org\/{rel}","templated":true}]}}